{"id":2,"date":"2025-08-28T09:20:55","date_gmt":"2025-08-28T09:20:55","guid":{"rendered":"https:\/\/alfergui.rkinformatika.online\/?page_id=2"},"modified":"2025-08-28T13:10:06","modified_gmt":"2025-08-28T13:10:06","slug":"inicio","status":"publish","type":"page","link":"https:\/\/alfergui.com\/en\/","title":{"rendered":"Home"},"content":{"rendered":"\t\t<div data-elementor-type=\"wp-page\" data-elementor-id=\"2\" class=\"elementor elementor-2\" data-elementor-post-type=\"page\">\n\t\t\t\t\t\t<section class=\"elementor-section elementor-top-section elementor-element elementor-element-10e6601 elementor-section-boxed elementor-section-height-default elementor-section-height-default\" data-id=\"10e6601\" data-element_type=\"section\" data-e-type=\"section\" data-settings=\"{&quot;background_background&quot;:&quot;slideshow&quot;,&quot;background_slideshow_gallery&quot;:[{&quot;id&quot;:68,&quot;url&quot;:&quot;https:\\\/\\\/alfergui.com\\\/wp-content\\\/uploads\\\/2025\\\/08\\\/2149209223.jpg&quot;},{&quot;id&quot;:69,&quot;url&quot;:&quot;https:\\\/\\\/alfergui.com\\\/wp-content\\\/uploads\\\/2025\\\/08\\\/2149233687.jpg&quot;}],&quot;background_slideshow_ken_burns&quot;:&quot;yes&quot;,&quot;background_slideshow_loop&quot;:&quot;yes&quot;,&quot;background_slideshow_slide_duration&quot;:5000,&quot;background_slideshow_slide_transition&quot;:&quot;fade&quot;,&quot;background_slideshow_transition_duration&quot;:500,&quot;background_slideshow_ken_burns_zoom_direction&quot;:&quot;in&quot;}\">\n\t\t\t\t\t\t<div class=\"elementor-container elementor-column-gap-default\">\n\t\t\t\t\t<div class=\"elementor-column elementor-col-100 elementor-top-column elementor-element elementor-element-7edafce\" data-id=\"7edafce\" data-element_type=\"column\" data-e-type=\"column\">\n\t\t\t<div class=\"elementor-widget-wrap\">\n\t\t\t\t\t\t\t<\/div>\n\t\t<\/div>\n\t\t\t\t\t<\/div>\n\t\t<\/section>\n\t\t\t\t<section class=\"elementor-section elementor-top-section elementor-element elementor-element-91eac2c elementor-section-boxed elementor-section-height-default elementor-section-height-default\" data-id=\"91eac2c\" data-element_type=\"section\" data-e-type=\"section\">\n\t\t\t\t\t\t<div class=\"elementor-container elementor-column-gap-default\">\n\t\t\t\t\t<div class=\"elementor-column elementor-col-50 elementor-top-column elementor-element elementor-element-eb51bbe\" data-id=\"eb51bbe\" data-element_type=\"column\" data-e-type=\"column\">\n\t\t\t<div class=\"elementor-widget-wrap elementor-element-populated\">\n\t\t\t\t\t\t<div class=\"elementor-element elementor-element-232390b elementor-flip-box--effect-slide elementor-flip-box--direction-up elementor-widget elementor-widget-flip-box\" data-id=\"232390b\" data-element_type=\"widget\" data-e-type=\"widget\" data-widget_type=\"flip-box.default\">\n\t\t\t\t\t\t\t<div class=\"elementor-flip-box\" tabindex=\"0\">\n\t\t\t<div class=\"elementor-flip-box__layer elementor-flip-box__front\">\n\t\t\t\t<div class=\"elementor-flip-box__layer__overlay\">\n\t\t\t\t\t<div class=\"elementor-flip-box__layer__inner\">\n\t\t\t\t\t\t\n\t\t\t\t\t\t\n\t\t\t\t\t\t\t\t\t\t\t<\/div>\n\t\t\t\t<\/div>\n\t\t\t<\/div>\n\t\t\t<div class=\"elementor-flip-box__layer elementor-flip-box__back\">\n\t\t\t<div class=\"elementor-flip-box__layer__overlay\">\n\t\t\t\t<div class=\"elementor-flip-box__layer__inner\">\n\t\t\t\t\t\n\t\t\t\t\t\n\t\t\t\t\t\t\t\t<\/div>\n\t\t<\/div>\n\t\t<\/div>\n\t\t<\/div>\n\t\t\t\t\t\t<\/div>\n\t\t\t\t\t<\/div>\n\t\t<\/div>\n\t\t\t\t<div class=\"elementor-column elementor-col-50 elementor-top-column elementor-element elementor-element-e106b85\" data-id=\"e106b85\" data-element_type=\"column\" data-e-type=\"column\">\n\t\t\t<div class=\"elementor-widget-wrap elementor-element-populated\">\n\t\t\t\t\t\t<div class=\"elementor-element elementor-element-266d4fc elementor-invisible elementor-widget elementor-widget-heading\" data-id=\"266d4fc\" data-element_type=\"widget\" data-e-type=\"widget\" data-settings=\"{&quot;_animation&quot;:&quot;fadeIn&quot;,&quot;_animation_delay&quot;:50}\" data-widget_type=\"heading.default\">\n\t\t\t\t\t<h2 class=\"elementor-heading-title elementor-size-default\">inicio<\/h2>\t\t\t\t<\/div>\n\t\t\t\t<div class=\"elementor-element elementor-element-70c5456 elementor-invisible elementor-widget elementor-widget-heading\" data-id=\"70c5456\" data-element_type=\"widget\" data-e-type=\"widget\" data-settings=\"{&quot;_animation&quot;:&quot;fadeIn&quot;,&quot;_animation_delay&quot;:100}\" data-widget_type=\"heading.default\">\n\t\t\t\t\t<h2 class=\"elementor-heading-title elementor-size-default\">Sobre nosotros <\/h2>\t\t\t\t<\/div>\n\t\t\t\t<div class=\"elementor-element elementor-element-af46e5f elementor-widget elementor-widget-text-editor\" data-id=\"af46e5f\" data-element_type=\"widget\" data-e-type=\"widget\" data-widget_type=\"text-editor.default\">\n\t\t\t\t\t\t\t\t\t<p>La panader\u00eda comenz\u00f3 su historia en el a\u00f1o 1956, cuando mis abuelos maternos decidieron emprender este bello negocio familiar. Con dedicaci\u00f3n y esfuerzo, ellos pusieron las bases para lo que hoy conocemos. Tras ellos, mis padres continuaron la tradici\u00f3n, aportando su propia creatividad y pasi\u00f3n por la panader\u00eda.\u00a0<\/p>\t\t\t\t\t\t\t\t<\/div>\n\t\t\t\t<div class=\"elementor-element elementor-element-9a43b8f elementor-widget elementor-widget-text-editor\" data-id=\"9a43b8f\" data-element_type=\"widget\" data-e-type=\"widget\" data-widget_type=\"text-editor.default\">\n\t\t\t\t\t\t\t\t\t<p>La empresa <em><strong>Promociones Alfergui<\/strong><\/em> fue creada en el a\u00f1o 2013, heredada con una gran experiencia y tradici\u00f3n en la fabricaci\u00f3n de pan y boller\u00eda de alta calidad. Desde sus inicios, ha trabajado arduamente para ofrecer productos frescos y deliciosos, incorporando recetas familiares y t\u00e9cnicas artesanales que han sido transmitidas de generaci\u00f3n en generaci\u00f3n.<\/p>\t\t\t\t\t\t\t\t<\/div>\n\t\t\t\t\t<\/div>\n\t\t<\/div>\n\t\t\t\t\t<\/div>\n\t\t<\/section>\n\t\t\t\t<section class=\"elementor-section elementor-top-section elementor-element elementor-element-1775857 elementor-section-boxed elementor-section-height-default elementor-section-height-default\" data-id=\"1775857\" data-element_type=\"section\" data-e-type=\"section\">\n\t\t\t\t\t\t<div class=\"elementor-container elementor-column-gap-default\">\n\t\t\t\t\t<div class=\"elementor-column elementor-col-50 elementor-top-column elementor-element elementor-element-5472ef8\" data-id=\"5472ef8\" data-element_type=\"column\" data-e-type=\"column\">\n\t\t\t<div class=\"elementor-widget-wrap elementor-element-populated\">\n\t\t\t\t\t\t<div class=\"elementor-element elementor-element-3342e0e elementor-invisible elementor-widget elementor-widget-heading\" data-id=\"3342e0e\" data-element_type=\"widget\" data-e-type=\"widget\" data-settings=\"{&quot;_animation&quot;:&quot;fadeIn&quot;,&quot;_animation_delay&quot;:50}\" data-widget_type=\"heading.default\">\n\t\t\t\t\t<h2 class=\"elementor-heading-title elementor-size-default\">inicio<\/h2>\t\t\t\t<\/div>\n\t\t\t\t<div class=\"elementor-element elementor-element-2ca75c9 elementor-invisible elementor-widget elementor-widget-heading\" data-id=\"2ca75c9\" data-element_type=\"widget\" data-e-type=\"widget\" data-settings=\"{&quot;_animation&quot;:&quot;fadeIn&quot;,&quot;_animation_delay&quot;:100}\" data-widget_type=\"heading.default\">\n\t\t\t\t\t<h2 class=\"elementor-heading-title elementor-size-default\">nuestras recetas<\/h2>\t\t\t\t<\/div>\n\t\t\t\t<div class=\"elementor-element elementor-element-2942306 elementor-widget elementor-widget-text-editor\" data-id=\"2942306\" data-element_type=\"widget\" data-e-type=\"widget\" data-widget_type=\"text-editor.default\">\n\t\t\t\t\t\t\t\t\t<p>En la actualidad, tanto mi hermano como yo, junto a nuestros padres, hemos tomado las riendas del negocio, manteniendo viva la herencia familiar y adaptando nuestras recetas y productos a los gustos modernos, mientras nos esforzamos por brindar la misma calidad y amor que nuestros abuelos imprimieron en cada pan que horneaban.<\/p>\t\t\t\t\t\t\t\t<\/div>\n\t\t\t\t\t<\/div>\n\t\t<\/div>\n\t\t\t\t<div class=\"elementor-column elementor-col-50 elementor-top-column elementor-element elementor-element-9216cb2\" data-id=\"9216cb2\" data-element_type=\"column\" data-e-type=\"column\">\n\t\t\t<div class=\"elementor-widget-wrap elementor-element-populated\">\n\t\t\t\t\t\t<div class=\"elementor-element elementor-element-877b6a7 elementor-flip-box--effect-slide elementor-flip-box--direction-up elementor-widget elementor-widget-flip-box\" data-id=\"877b6a7\" data-element_type=\"widget\" data-e-type=\"widget\" data-widget_type=\"flip-box.default\">\n\t\t\t\t\t\t\t<div class=\"elementor-flip-box\" tabindex=\"0\">\n\t\t\t<div class=\"elementor-flip-box__layer elementor-flip-box__front\">\n\t\t\t\t<div class=\"elementor-flip-box__layer__overlay\">\n\t\t\t\t\t<div class=\"elementor-flip-box__layer__inner\">\n\t\t\t\t\t\t\n\t\t\t\t\t\t\n\t\t\t\t\t\t\t\t\t\t\t<\/div>\n\t\t\t\t<\/div>\n\t\t\t<\/div>\n\t\t\t<div class=\"elementor-flip-box__layer elementor-flip-box__back\">\n\t\t\t<div class=\"elementor-flip-box__layer__overlay\">\n\t\t\t\t<div class=\"elementor-flip-box__layer__inner\">\n\t\t\t\t\t\n\t\t\t\t\t\n\t\t\t\t\t\t\t\t<\/div>\n\t\t<\/div>\n\t\t<\/div>\n\t\t<\/div>\n\t\t\t\t\t\t<\/div>\n\t\t\t\t\t<\/div>\n\t\t<\/div>\n\t\t\t\t\t<\/div>\n\t\t<\/section>\n\t\t<div class=\"elementor-element elementor-element-8de1aa7 e-flex e-con-boxed e-con e-parent\" data-id=\"8de1aa7\" data-element_type=\"container\" data-e-type=\"container\" data-settings=\"{&quot;background_background&quot;:&quot;classic&quot;}\">\n\t\t\t\t\t<div class=\"e-con-inner\">\n\t\t\t\t<div class=\"elementor-element elementor-element-678ed5e elementor-invisible elementor-widget elementor-widget-heading\" data-id=\"678ed5e\" data-element_type=\"widget\" data-e-type=\"widget\" data-settings=\"{&quot;_animation&quot;:&quot;fadeInRight&quot;}\" data-widget_type=\"heading.default\">\n\t\t\t\t\t<h2 class=\"elementor-heading-title elementor-size-default\">\u00a1Una comida para la ma\u00f1ana, para un esp\u00edritu de todo el d\u00eda!<\/h2>\t\t\t\t<\/div>\n\t\t\t\t<div class=\"elementor-element elementor-element-edf4ae0 elementor-invisible elementor-widget elementor-widget-button\" data-id=\"edf4ae0\" data-element_type=\"widget\" data-e-type=\"widget\" data-settings=\"{&quot;_animation&quot;:&quot;fadeInLeft&quot;}\" data-widget_type=\"button.default\">\n\t\t\t\t\t\t\t\t\t\t<a class=\"elementor-button elementor-button-link elementor-size-sm\" href=\"\/contacto\">\n\t\t\t\t\t\t<span class=\"elementor-button-content-wrapper\">\n\t\t\t\t\t\t\t\t\t<span class=\"elementor-button-text\">Cont\u00e1ctanos<\/span>\n\t\t\t\t\t<\/span>\n\t\t\t\t\t<\/a>\n\t\t\t\t\t\t\t\t<\/div>\n\t\t\t\t\t<\/div>\n\t\t\t\t<\/div>\n\t\t\t\t<\/div>\n\t\t","protected":false},"excerpt":{"rendered":"<p>inicio Sobre nosotros La panader\u00eda comenz\u00f3 su historia en el a\u00f1o 1956, cuando mis abuelos maternos decidieron emprender este bello negocio familiar. Con dedicaci\u00f3n y esfuerzo, ellos pusieron las bases para lo que hoy conocemos. Tras ellos, mis padres continuaron la tradici\u00f3n, aportando su propia creatividad y pasi\u00f3n por la panader\u00eda.\u00a0 La empresa Promociones Alfergui [&hellip;]<\/p>\n","protected":false},"author":1,"featured_media":0,"parent":0,"menu_order":0,"comment_status":"closed","ping_status":"closed","template":"elementor_canvas","meta":{"footnotes":""},"class_list":["post-2","page","type-page","status-publish","hentry"],"yoast_head":"<!-- This site is optimized with the Yoast SEO plugin v27.3 - https:\/\/yoast.com\/product\/yoast-seo-wordpress\/ -->\n<title>Inicio - Promociones Alfergui S.L<\/title>\n<meta name=\"robots\" content=\"index, follow, max-snippet:-1, max-image-preview:large, max-video-preview:-1\" \/>\n<link rel=\"canonical\" href=\"https:\/\/alfergui.com\/en\/\" \/>\n<meta property=\"og:locale\" content=\"en_GB\" \/>\n<meta property=\"og:type\" content=\"article\" \/>\n<meta property=\"og:title\" content=\"Inicio - Promociones Alfergui S.L\" \/>\n<meta property=\"og:description\" content=\"inicio Sobre nosotros La panader\u00eda comenz\u00f3 su historia en el a\u00f1o 1956, cuando mis abuelos maternos decidieron emprender este bello negocio familiar. Con dedicaci\u00f3n y esfuerzo, ellos pusieron las bases para lo que hoy conocemos. Tras ellos, mis padres continuaron la tradici\u00f3n, aportando su propia creatividad y pasi\u00f3n por la panader\u00eda.\u00a0 La empresa Promociones Alfergui [&hellip;]\" \/>\n<meta property=\"og:url\" content=\"https:\/\/alfergui.com\/en\/\" \/>\n<meta property=\"og:site_name\" content=\"Promociones Alfergui S.L\" \/>\n<meta property=\"article:modified_time\" content=\"2025-08-28T13:10:06+00:00\" \/>\n<meta name=\"twitter:card\" content=\"summary_large_image\" \/>\n<meta name=\"twitter:label1\" content=\"Estimated reading time\" \/>\n\t<meta name=\"twitter:data1\" content=\"1 minute\" \/>\n<script type=\"application\/ld+json\" class=\"yoast-schema-graph\">{\"@context\":\"https:\\\/\\\/schema.org\",\"@graph\":[{\"@type\":\"WebPage\",\"@id\":\"https:\\\/\\\/alfergui.com\\\/\",\"url\":\"https:\\\/\\\/alfergui.com\\\/\",\"name\":\"Inicio - Promociones Alfergui S.L\",\"isPartOf\":{\"@id\":\"https:\\\/\\\/alfergui.com\\\/#website\"},\"datePublished\":\"2025-08-28T09:20:55+00:00\",\"dateModified\":\"2025-08-28T13:10:06+00:00\",\"breadcrumb\":{\"@id\":\"https:\\\/\\\/alfergui.com\\\/#breadcrumb\"},\"inLanguage\":\"en-GB\",\"potentialAction\":[{\"@type\":\"ReadAction\",\"target\":[\"https:\\\/\\\/alfergui.com\\\/\"]}]},{\"@type\":\"BreadcrumbList\",\"@id\":\"https:\\\/\\\/alfergui.com\\\/#breadcrumb\",\"itemListElement\":[{\"@type\":\"ListItem\",\"position\":1,\"name\":\"Portada\",\"item\":\"https:\\\/\\\/alfergui.com\\\/\"},{\"@type\":\"ListItem\",\"position\":2,\"name\":\"Inicio\"}]},{\"@type\":\"WebSite\",\"@id\":\"https:\\\/\\\/alfergui.com\\\/#website\",\"url\":\"https:\\\/\\\/alfergui.com\\\/\",\"name\":\"Promociones Alfergui S.L\",\"description\":\"Promociones Alfergui S.L\",\"publisher\":{\"@id\":\"https:\\\/\\\/alfergui.com\\\/#organization\"},\"potentialAction\":[{\"@type\":\"SearchAction\",\"target\":{\"@type\":\"EntryPoint\",\"urlTemplate\":\"https:\\\/\\\/alfergui.com\\\/?s={search_term_string}\"},\"query-input\":{\"@type\":\"PropertyValueSpecification\",\"valueRequired\":true,\"valueName\":\"search_term_string\"}}],\"inLanguage\":\"en-GB\"},{\"@type\":\"Organization\",\"@id\":\"https:\\\/\\\/alfergui.com\\\/#organization\",\"name\":\"Promociones Alfergui S.L\",\"url\":\"https:\\\/\\\/alfergui.com\\\/\",\"logo\":{\"@type\":\"ImageObject\",\"inLanguage\":\"en-GB\",\"@id\":\"https:\\\/\\\/alfergui.com\\\/#\\\/schema\\\/logo\\\/image\\\/\",\"url\":\"https:\\\/\\\/alfergui.com\\\/wp-content\\\/uploads\\\/2025\\\/08\\\/cropped-logo1-removebg-preview.png\",\"contentUrl\":\"https:\\\/\\\/alfergui.com\\\/wp-content\\\/uploads\\\/2025\\\/08\\\/cropped-logo1-removebg-preview.png\",\"width\":500,\"height\":242,\"caption\":\"Promociones Alfergui S.L\"},\"image\":{\"@id\":\"https:\\\/\\\/alfergui.com\\\/#\\\/schema\\\/logo\\\/image\\\/\"}}]}<\/script>\n<!-- \/ Yoast SEO plugin. -->","yoast_head_json":{"title":"Inicio - Promociones Alfergui S.L","robots":{"index":"index","follow":"follow","max-snippet":"max-snippet:-1","max-image-preview":"max-image-preview:large","max-video-preview":"max-video-preview:-1"},"canonical":"https:\/\/alfergui.com\/en\/","og_locale":"en_GB","og_type":"article","og_title":"Inicio - Promociones Alfergui S.L","og_description":"inicio Sobre nosotros La panader\u00eda comenz\u00f3 su historia en el a\u00f1o 1956, cuando mis abuelos maternos decidieron emprender este bello negocio familiar. Con dedicaci\u00f3n y esfuerzo, ellos pusieron las bases para lo que hoy conocemos. Tras ellos, mis padres continuaron la tradici\u00f3n, aportando su propia creatividad y pasi\u00f3n por la panader\u00eda.\u00a0 La empresa Promociones Alfergui [&hellip;]","og_url":"https:\/\/alfergui.com\/en\/","og_site_name":"Promociones Alfergui S.L","article_modified_time":"2025-08-28T13:10:06+00:00","twitter_card":"summary_large_image","twitter_misc":{"Estimated reading time":"1 minute"},"schema":{"@context":"https:\/\/schema.org","@graph":[{"@type":"WebPage","@id":"https:\/\/alfergui.com\/","url":"https:\/\/alfergui.com\/","name":"Inicio - Promociones Alfergui S.L","isPartOf":{"@id":"https:\/\/alfergui.com\/#website"},"datePublished":"2025-08-28T09:20:55+00:00","dateModified":"2025-08-28T13:10:06+00:00","breadcrumb":{"@id":"https:\/\/alfergui.com\/#breadcrumb"},"inLanguage":"en-GB","potentialAction":[{"@type":"ReadAction","target":["https:\/\/alfergui.com\/"]}]},{"@type":"BreadcrumbList","@id":"https:\/\/alfergui.com\/#breadcrumb","itemListElement":[{"@type":"ListItem","position":1,"name":"Portada","item":"https:\/\/alfergui.com\/"},{"@type":"ListItem","position":2,"name":"Inicio"}]},{"@type":"WebSite","@id":"https:\/\/alfergui.com\/#website","url":"https:\/\/alfergui.com\/","name":"Promociones Alfergui S.L","description":"Promociones Alfergui S.L","publisher":{"@id":"https:\/\/alfergui.com\/#organization"},"potentialAction":[{"@type":"SearchAction","target":{"@type":"EntryPoint","urlTemplate":"https:\/\/alfergui.com\/?s={search_term_string}"},"query-input":{"@type":"PropertyValueSpecification","valueRequired":true,"valueName":"search_term_string"}}],"inLanguage":"en-GB"},{"@type":"Organization","@id":"https:\/\/alfergui.com\/#organization","name":"Promociones Alfergui S.L","url":"https:\/\/alfergui.com\/","logo":{"@type":"ImageObject","inLanguage":"en-GB","@id":"https:\/\/alfergui.com\/#\/schema\/logo\/image\/","url":"https:\/\/alfergui.com\/wp-content\/uploads\/2025\/08\/cropped-logo1-removebg-preview.png","contentUrl":"https:\/\/alfergui.com\/wp-content\/uploads\/2025\/08\/cropped-logo1-removebg-preview.png","width":500,"height":242,"caption":"Promociones Alfergui S.L"},"image":{"@id":"https:\/\/alfergui.com\/#\/schema\/logo\/image\/"}}]}},"_links":{"self":[{"href":"https:\/\/alfergui.com\/en\/wp-json\/wp\/v2\/pages\/2","targetHints":{"allow":["GET"]}}],"collection":[{"href":"https:\/\/alfergui.com\/en\/wp-json\/wp\/v2\/pages"}],"about":[{"href":"https:\/\/alfergui.com\/en\/wp-json\/wp\/v2\/types\/page"}],"author":[{"embeddable":true,"href":"https:\/\/alfergui.com\/en\/wp-json\/wp\/v2\/users\/1"}],"replies":[{"embeddable":true,"href":"https:\/\/alfergui.com\/en\/wp-json\/wp\/v2\/comments?post=2"}],"version-history":[{"count":58,"href":"https:\/\/alfergui.com\/en\/wp-json\/wp\/v2\/pages\/2\/revisions"}],"predecessor-version":[{"id":320,"href":"https:\/\/alfergui.com\/en\/wp-json\/wp\/v2\/pages\/2\/revisions\/320"}],"wp:attachment":[{"href":"https:\/\/alfergui.com\/en\/wp-json\/wp\/v2\/media?parent=2"}],"curies":[{"name":"wp","href":"https:\/\/api.w.org\/{rel}","templated":true}]}}